{"id":785,"date":"2025-01-13T12:58:19","date_gmt":"2025-01-13T12:58:19","guid":{"rendered":"https:\/\/hairsolutions.es\/tratamientos\/"},"modified":"2025-11-14T15:23:25","modified_gmt":"2025-11-14T15:23:25","slug":"tratamientos","status":"publish","type":"page","link":"https:\/\/hairsolutions.es\/es\/tratamientos\/","title":{"rendered":"Tratamientos"},"content":{"rendered":"\t\t<div data-elementor-type=\"wp-page\" data-elementor-id=\"785\" class=\"elementor elementor-785 elementor-59\" data-elementor-settings=\"{&quot;element_pack_global_tooltip_width&quot;:{&quot;unit&quot;:&quot;px&quot;,&quot;size&quot;:&quot;&quot;,&quot;sizes&quot;:[]},&quot;element_pack_global_tooltip_width_tablet&quot;:{&quot;unit&quot;:&quot;px&quot;,&quot;size&quot;:&quot;&quot;,&quot;sizes&quot;:[]},&quot;element_pack_global_tooltip_width_mobile&quot;:{&quot;unit&quot;:&quot;px&quot;,&quot;size&quot;:&quot;&quot;,&quot;sizes&quot;:[]},&quot;element_pack_global_tooltip_padding&quot;:{&quot;unit&quot;:&quot;px&quot;,&quot;top&quot;:&quot;&quot;,&quot;right&quot;:&quot;&quot;,&quot;bottom&quot;:&quot;&quot;,&quot;left&quot;:&quot;&quot;,&quot;isLinked&quot;:true},&quot;element_pack_global_tooltip_padding_tablet&quot;:{&quot;unit&quot;:&quot;px&quot;,&quot;top&quot;:&quot;&quot;,&quot;right&quot;:&quot;&quot;,&quot;bottom&quot;:&quot;&quot;,&quot;left&quot;:&quot;&quot;,&quot;isLinked&quot;:true},&quot;element_pack_global_tooltip_padding_mobile&quot;:{&quot;unit&quot;:&quot;px&quot;,&quot;top&quot;:&quot;&quot;,&quot;right&quot;:&quot;&quot;,&quot;bottom&quot;:&quot;&quot;,&quot;left&quot;:&quot;&quot;,&quot;isLinked&quot;:true},&quot;element_pack_global_tooltip_border_radius&quot;:{&quot;unit&quot;:&quot;px&quot;,&quot;top&quot;:&quot;&quot;,&quot;right&quot;:&quot;&quot;,&quot;bottom&quot;:&quot;&quot;,&quot;left&quot;:&quot;&quot;,&quot;isLinked&quot;:true},&quot;element_pack_global_tooltip_border_radius_tablet&quot;:{&quot;unit&quot;:&quot;px&quot;,&quot;top&quot;:&quot;&quot;,&quot;right&quot;:&quot;&quot;,&quot;bottom&quot;:&quot;&quot;,&quot;left&quot;:&quot;&quot;,&quot;isLinked&quot;:true},&quot;element_pack_global_tooltip_border_radius_mobile&quot;:{&quot;unit&quot;:&quot;px&quot;,&quot;top&quot;:&quot;&quot;,&quot;right&quot;:&quot;&quot;,&quot;bottom&quot;:&quot;&quot;,&quot;left&quot;:&quot;&quot;,&quot;isLinked&quot;:true}}\">\n\t\t\t\t<div class=\"elementor-element elementor-element-975f5ec e-flex e-con-boxed e-con e-parent\" data-id=\"975f5ec\" data-element_type=\"container\" data-settings=\"{&quot;background_background&quot;:&quot;classic&quot;}\">\n\t\t\t\t\t<div class=\"e-con-inner\">\n\t\t<div class=\"elementor-element elementor-element-fbe443f e-con-full e-flex e-con e-child\" data-id=\"fbe443f\" data-element_type=\"container\">\n\t\t<div class=\"elementor-element elementor-element-a8691df e-con-full e-flex e-con e-child\" data-id=\"a8691df\" data-element_type=\"container\" data-settings=\"{&quot;background_background&quot;:&quot;classic&quot;}\">\n\t\t\t\t<div class=\"elementor-element elementor-element-1ad8f8a elementor-widget elementor-widget-heading\" data-id=\"1ad8f8a\" data-element_type=\"widget\" data-widget_type=\"heading.default\">\n\t\t\t\t\t<h3 class=\"elementor-heading-title elementor-size-default\">1. Micropigmentaci\u00f3n del cabello (MHP)<\/h3>\t\t\t\t<\/div>\n\t\t\t\t<div class=\"elementor-element elementor-element-0e04046 elementor-widget elementor-widget-text-editor\" data-id=\"0e04046\" data-element_type=\"widget\" data-widget_type=\"text-editor.default\">\n\t\t\t\t\t\t\t\t\t\nCompactaci\u00f3n \u00f3ptica del cabello sin cirug\u00eda. Los puntos de pigmento ultrafinos crean la apariencia de una barba incipiente de cabello natural, ideal para el adelgazamiento del cabello, las calvas o las cicatrices. \n\t\t\t\t\t\t\t\t<\/div>\n\t\t\t\t<div class=\"elementor-element elementor-element-4896707 elementor-widget elementor-widget-button\" data-id=\"4896707\" data-element_type=\"widget\" data-widget_type=\"button.default\">\n\t\t\t\t\t\t\t\t\t\t<a class=\"elementor-button elementor-button-link elementor-size-sm\" href=\"https:\/\/hairsolutions.es\/es\/micropigmentacion-capilar-mhp\/\">\n\t\t\t\t\t\t<span class=\"elementor-button-content-wrapper\">\n\t\t\t\t\t\t\t\t\t<span class=\"elementor-button-text\">Aprende m\u00e1s<\/span>\n\t\t\t\t\t<\/span>\n\t\t\t\t\t<\/a>\n\t\t\t\t\t\t\t\t<\/div>\n\t\t<div class=\"elementor-element elementor-element-7a0852e e-con-full e-flex e-con e-child\" data-id=\"7a0852e\" data-element_type=\"container\" data-settings=\"{&quot;background_background&quot;:&quot;classic&quot;}\">\n\t\t\t\t<div class=\"elementor-element elementor-element-bb4a60c elementor-invisible elementor-widget elementor-widget-image\" data-id=\"bb4a60c\" data-element_type=\"widget\" data-settings=\"{&quot;_animation_delay&quot;:&quot;200&quot;,&quot;_animation&quot;:&quot;fadeInRight&quot;}\" data-widget_type=\"image.default\">\n\t\t\t\t\t\t\t\t\t\t\t\t\t\t\t<img fetchpriority=\"high\" decoding=\"async\" width=\"1920\" height=\"1358\" src=\"https:\/\/hairsolutions.es\/wp-content\/uploads\/2025\/10\/Micro-Haar-Pigmentatie-MHP.webp\" class=\"attachment-full size-full wp-image-723\" alt=\"Micropigmentaci\u00f3n capilar (MHP)\" srcset=\"https:\/\/hairsolutions.es\/wp-content\/uploads\/2025\/10\/Micro-Haar-Pigmentatie-MHP.webp 1920w, https:\/\/hairsolutions.es\/wp-content\/uploads\/2025\/10\/Micro-Haar-Pigmentatie-MHP-300x212.webp 300w, https:\/\/hairsolutions.es\/wp-content\/uploads\/2025\/10\/Micro-Haar-Pigmentatie-MHP-1024x724.webp 1024w, https:\/\/hairsolutions.es\/wp-content\/uploads\/2025\/10\/Micro-Haar-Pigmentatie-MHP-768x543.webp 768w, https:\/\/hairsolutions.es\/wp-content\/uploads\/2025\/10\/Micro-Haar-Pigmentatie-MHP-1536x1086.webp 1536w, https:\/\/hairsolutions.es\/wp-content\/uploads\/2025\/10\/Micro-Haar-Pigmentatie-MHP-650x460.webp 650w\" sizes=\"(max-width: 1920px) 100vw, 1920px\" \/>\t\t\t\t\t\t\t\t\t\t\t\t\t\t\t<\/div>\n\t\t\t\t<\/div>\n\t\t\t\t<\/div>\n\t\t<div class=\"elementor-element elementor-element-cf061a0 e-con-full e-flex e-con e-child\" data-id=\"cf061a0\" data-element_type=\"container\" data-settings=\"{&quot;background_background&quot;:&quot;classic&quot;}\">\n\t\t\t\t<div class=\"elementor-element elementor-element-c71b9bf elementor-widget elementor-widget-heading\" data-id=\"c71b9bf\" data-element_type=\"widget\" data-widget_type=\"heading.default\">\n\t\t\t\t\t<h3 class=\"elementor-heading-title elementor-size-default\">2. Mesoterapia para la ca\u00edda del cabello<\/h3>\t\t\t\t<\/div>\n\t\t\t\t<div class=\"elementor-element elementor-element-1e0ecc2 elementor-widget elementor-widget-text-editor\" data-id=\"1e0ecc2\" data-element_type=\"widget\" data-widget_type=\"text-editor.default\">\n\t\t\t\t\t\t\t\t\t\nRestaura y fortalece el crecimiento natural de tu cabello. Este tratamiento no quir\u00fargico nutre el cuero cabelludo con vitaminas y factores de crecimiento, estimula las ra\u00edces del cabello y reduce la ca\u00edda del cabello.   \t\t\t\t\t\t\t\t<\/div>\n\t\t\t\t<div class=\"elementor-element elementor-element-3eb1f12 elementor-widget elementor-widget-button\" data-id=\"3eb1f12\" data-element_type=\"widget\" data-widget_type=\"button.default\">\n\t\t\t\t\t\t\t\t\t\t<a class=\"elementor-button elementor-button-link elementor-size-sm\" href=\"https:\/\/hairsolutions.es\/es\/mesoterapia-para-la-caida-del-cabello\/\">\n\t\t\t\t\t\t<span class=\"elementor-button-content-wrapper\">\n\t\t\t\t\t\t\t\t\t<span class=\"elementor-button-text\">Aprende m\u00e1s<\/span>\n\t\t\t\t\t<\/span>\n\t\t\t\t\t<\/a>\n\t\t\t\t\t\t\t\t<\/div>\n\t\t<div class=\"elementor-element elementor-element-b2daa03 e-con-full e-flex e-con e-child\" data-id=\"b2daa03\" data-element_type=\"container\" data-settings=\"{&quot;background_background&quot;:&quot;classic&quot;}\">\n\t\t\t\t<div class=\"elementor-element elementor-element-1995b03 elementor-invisible elementor-widget elementor-widget-image\" data-id=\"1995b03\" data-element_type=\"widget\" data-settings=\"{&quot;_animation_delay&quot;:&quot;200&quot;,&quot;_animation&quot;:&quot;fadeInRight&quot;}\" data-widget_type=\"image.default\">\n\t\t\t\t\t\t\t\t\t\t\t\t\t\t\t<img decoding=\"async\" width=\"1920\" height=\"1358\" src=\"https:\/\/hairsolutions.es\/wp-content\/uploads\/2025\/10\/Mesotherapie-haar.webp\" class=\"attachment-full size-full wp-image-696\" alt=\"Cabello de mesoterapia\" srcset=\"https:\/\/hairsolutions.es\/wp-content\/uploads\/2025\/10\/Mesotherapie-haar.webp 1920w, https:\/\/hairsolutions.es\/wp-content\/uploads\/2025\/10\/Mesotherapie-haar-300x212.webp 300w, https:\/\/hairsolutions.es\/wp-content\/uploads\/2025\/10\/Mesotherapie-haar-1024x724.webp 1024w, https:\/\/hairsolutions.es\/wp-content\/uploads\/2025\/10\/Mesotherapie-haar-768x543.webp 768w, https:\/\/hairsolutions.es\/wp-content\/uploads\/2025\/10\/Mesotherapie-haar-1536x1086.webp 1536w, https:\/\/hairsolutions.es\/wp-content\/uploads\/2025\/10\/Mesotherapie-haar-650x460.webp 650w\" sizes=\"(max-width: 1920px) 100vw, 1920px\" \/>\t\t\t\t\t\t\t\t\t\t\t\t\t\t\t<\/div>\n\t\t\t\t<\/div>\n\t\t\t\t<\/div>\n\t\t\t\t<\/div>\n\t\t\t\t\t<\/div>\n\t\t\t\t<\/div>\n\t\t<div class=\"elementor-element elementor-element-2fb0ddb e-flex e-con-boxed e-con e-parent\" data-id=\"2fb0ddb\" data-element_type=\"container\" data-settings=\"{&quot;background_background&quot;:&quot;classic&quot;}\">\n\t\t\t\t\t<div class=\"e-con-inner\">\n\t\t<div class=\"elementor-element elementor-element-70fa1a0 e-con-full e-flex e-con e-child\" data-id=\"70fa1a0\" data-element_type=\"container\">\n\t\t<div class=\"elementor-element elementor-element-7ced4e4 e-con-full e-flex e-con e-child\" data-id=\"7ced4e4\" data-element_type=\"container\" data-settings=\"{&quot;background_background&quot;:&quot;classic&quot;}\">\n\t\t\t\t<div class=\"elementor-element elementor-element-cb3d818 elementor-widget elementor-widget-heading\" data-id=\"cb3d818\" data-element_type=\"widget\" data-widget_type=\"heading.default\">\n\t\t\t\t\t<h3 class=\"elementor-heading-title elementor-size-default\">3. Trasplante capilar<\/h3>\t\t\t\t<\/div>\n\t\t\t\t<div class=\"elementor-element elementor-element-1fef155 elementor-widget elementor-widget-text-editor\" data-id=\"1fef155\" data-element_type=\"widget\" data-widget_type=\"text-editor.default\">\n\t\t\t\t\t\t\t\t\tResultado duradero con crecimiento natural del cabello. Con las modernas t\u00e9cnicas FUE y DHI, restauramos el cabello completo sin cicatrices visibles: la soluci\u00f3n sostenible para la calvicie permanente o las entradas profundas. \t\t\t\t\t\t\t\t<\/div>\n\t\t\t\t<div class=\"elementor-element elementor-element-b127440 elementor-widget elementor-widget-button\" data-id=\"b127440\" data-element_type=\"widget\" data-widget_type=\"button.default\">\n\t\t\t\t\t\t\t\t\t\t<a class=\"elementor-button elementor-button-link elementor-size-sm\" href=\"https:\/\/hairsolutions.es\/es\/trasplante-capilar-paises-bajos\/\">\n\t\t\t\t\t\t<span class=\"elementor-button-content-wrapper\">\n\t\t\t\t\t\t\t\t\t<span class=\"elementor-button-text\">Aprende m\u00e1s<\/span>\n\t\t\t\t\t<\/span>\n\t\t\t\t\t<\/a>\n\t\t\t\t\t\t\t\t<\/div>\n\t\t<div class=\"elementor-element elementor-element-9266301 e-con-full e-flex e-con e-child\" data-id=\"9266301\" data-element_type=\"container\" data-settings=\"{&quot;background_background&quot;:&quot;classic&quot;}\">\n\t\t\t\t<div class=\"elementor-element elementor-element-0f3f823 elementor-invisible elementor-widget elementor-widget-image\" data-id=\"0f3f823\" data-element_type=\"widget\" data-settings=\"{&quot;_animation_delay&quot;:&quot;200&quot;,&quot;_animation&quot;:&quot;fadeInRight&quot;}\" data-widget_type=\"image.default\">\n\t\t\t\t\t\t\t\t\t\t\t\t\t\t\t<img decoding=\"async\" width=\"1920\" height=\"1358\" src=\"https:\/\/hairsolutions.es\/wp-content\/uploads\/2025\/10\/haartransplantatie.webp\" class=\"attachment-full size-full wp-image-632\" alt=\"Trasplante Capilar\" srcset=\"https:\/\/hairsolutions.es\/wp-content\/uploads\/2025\/10\/haartransplantatie.webp 1920w, https:\/\/hairsolutions.es\/wp-content\/uploads\/2025\/10\/haartransplantatie-300x212.webp 300w, https:\/\/hairsolutions.es\/wp-content\/uploads\/2025\/10\/haartransplantatie-1024x724.webp 1024w, https:\/\/hairsolutions.es\/wp-content\/uploads\/2025\/10\/haartransplantatie-768x543.webp 768w, https:\/\/hairsolutions.es\/wp-content\/uploads\/2025\/10\/haartransplantatie-1536x1086.webp 1536w, https:\/\/hairsolutions.es\/wp-content\/uploads\/2025\/10\/haartransplantatie-650x460.webp 650w\" sizes=\"(max-width: 1920px) 100vw, 1920px\" \/>\t\t\t\t\t\t\t\t\t\t\t\t\t\t\t<\/div>\n\t\t\t\t<\/div>\n\t\t\t\t<\/div>\n\t\t<div class=\"elementor-element elementor-element-fbdfbec e-con-full e-flex e-con e-child\" data-id=\"fbdfbec\" data-element_type=\"container\" data-settings=\"{&quot;background_background&quot;:&quot;classic&quot;}\">\n\t\t\t\t<div class=\"elementor-element elementor-element-87e344e elementor-widget elementor-widget-heading\" data-id=\"87e344e\" data-element_type=\"widget\" data-widget_type=\"heading.default\">\n\t\t\t\t\t<h3 class=\"elementor-heading-title elementor-size-default\">4. Consulta gratuita<\/h3>\t\t\t\t<\/div>\n\t\t\t\t<div class=\"elementor-element elementor-element-a170e9b elementor-widget elementor-widget-text-editor\" data-id=\"a170e9b\" data-element_type=\"widget\" data-widget_type=\"text-editor.default\">\n\t\t\t\t\t\t\t\t\t\u00bfQuieres recuperar tu cabello, apariencia y confianza en ti mismo? Descubre qu\u00e9 tratamiento te conviene m\u00e1s.\nPrograme una consulta gratuita y sin compromiso. \t\t\t\t\t\t\t\t<\/div>\n\t\t\t\t<div class=\"elementor-element elementor-element-63656b4 elementor-widget elementor-widget-button\" data-id=\"63656b4\" data-element_type=\"widget\" data-widget_type=\"button.default\">\n\t\t\t\t\t\t\t\t\t\t<a class=\"elementor-button elementor-button-link elementor-size-sm\" href=\"https:\/\/hairsolutions.es\/es\/solicite-una-consulta\/\">\n\t\t\t\t\t\t<span class=\"elementor-button-content-wrapper\">\n\t\t\t\t\t\t\t\t\t<span class=\"elementor-button-text\">Solicite una consulta<\/span>\n\t\t\t\t\t<\/span>\n\t\t\t\t\t<\/a>\n\t\t\t\t\t\t\t\t<\/div>\n\t\t<div class=\"elementor-element elementor-element-cebed12 e-con-full e-flex e-con e-child\" data-id=\"cebed12\" data-element_type=\"container\" data-settings=\"{&quot;background_background&quot;:&quot;classic&quot;}\">\n\t\t\t\t<div class=\"elementor-element elementor-element-ea6cb1b elementor-invisible elementor-widget elementor-widget-image\" data-id=\"ea6cb1b\" data-element_type=\"widget\" data-settings=\"{&quot;_animation_delay&quot;:&quot;200&quot;,&quot;_animation&quot;:&quot;fadeInRight&quot;}\" data-widget_type=\"image.default\">\n\t\t\t\t\t\t\t\t\t\t\t\t\t\t\t<img loading=\"lazy\" decoding=\"async\" width=\"1980\" height=\"1450\" src=\"https:\/\/hairsolutions.es\/wp-content\/uploads\/2025\/10\/haar-consult-429842.webp\" class=\"attachment-full size-full wp-image-667\" alt=\"su consulta 429842\" srcset=\"https:\/\/hairsolutions.es\/wp-content\/uploads\/2025\/10\/haar-consult-429842.webp 1980w, https:\/\/hairsolutions.es\/wp-content\/uploads\/2025\/10\/haar-consult-429842-300x220.webp 300w, https:\/\/hairsolutions.es\/wp-content\/uploads\/2025\/10\/haar-consult-429842-1024x750.webp 1024w, https:\/\/hairsolutions.es\/wp-content\/uploads\/2025\/10\/haar-consult-429842-768x562.webp 768w, https:\/\/hairsolutions.es\/wp-content\/uploads\/2025\/10\/haar-consult-429842-1536x1125.webp 1536w, https:\/\/hairsolutions.es\/wp-content\/uploads\/2025\/10\/haar-consult-429842-650x476.webp 650w\" sizes=\"(max-width: 1980px) 100vw, 1980px\" \/>\t\t\t\t\t\t\t\t\t\t\t\t\t\t\t<\/div>\n\t\t\t\t<\/div>\n\t\t\t\t<\/div>\n\t\t\t\t<\/div>\n\t\t\t\t\t<\/div>\n\t\t\t\t<\/div>\n\t\t\t\t<\/div>\n\t\t","protected":false},"excerpt":{"rendered":"<p>1. Micropigmentaci\u00f3n del cabello (MHP) Compactaci\u00f3n \u00f3ptica del cabello sin cirug\u00eda. Los puntos de pigmento ultrafinos crean la apariencia de una barba incipiente de cabello natural, ideal para el adelgazamiento del cabello, las calvas o las cicatrices. Aprende m\u00e1s 2. Mesoterapia para la ca\u00edda del cabello Restaura y fortalece el crecimiento natural de tu cabello. [&hellip;]<\/p>\n","protected":false},"author":1,"featured_media":702,"parent":0,"menu_order":0,"comment_status":"closed","ping_status":"closed","template":"","meta":{"footnotes":""},"class_list":["post-785","page","type-page","status-publish","has-post-thumbnail","hentry"],"yoast_head":"<!-- This site is optimized with the Yoast SEO plugin v26.6 - https:\/\/yoast.com\/wordpress\/plugins\/seo\/ -->\n<title>Tratamientos - Hairsolutions<\/title>\n<meta name=\"robots\" content=\"index, follow, max-snippet:-1, max-image-preview:large, max-video-preview:-1\" \/>\n<link rel=\"canonical\" href=\"https:\/\/hairsolutions.es\/es\/tratamientos\/\" \/>\n<meta property=\"og:locale\" content=\"es_ES\" \/>\n<meta property=\"og:type\" content=\"article\" \/>\n<meta property=\"og:title\" content=\"Tratamientos - Hairsolutions\" \/>\n<meta property=\"og:description\" content=\"1. Micropigmentaci\u00f3n del cabello (MHP) Compactaci\u00f3n \u00f3ptica del cabello sin cirug\u00eda. Los puntos de pigmento ultrafinos crean la apariencia de una barba incipiente de cabello natural, ideal para el adelgazamiento del cabello, las calvas o las cicatrices. Aprende m\u00e1s 2. Mesoterapia para la ca\u00edda del cabello Restaura y fortalece el crecimiento natural de tu cabello. [&hellip;]\" \/>\n<meta property=\"og:url\" content=\"https:\/\/hairsolutions.es\/es\/tratamientos\/\" \/>\n<meta property=\"og:site_name\" content=\"Hairsolutions\" \/>\n<meta property=\"article:modified_time\" content=\"2025-11-14T15:23:25+00:00\" \/>\n<meta property=\"og:image\" content=\"https:\/\/hairsolutions.es\/wp-content\/uploads\/2025\/10\/hairsolutions-banner-4278.webp\" \/>\n\t<meta property=\"og:image:width\" content=\"1920\" \/>\n\t<meta property=\"og:image:height\" content=\"1076\" \/>\n\t<meta property=\"og:image:type\" content=\"image\/webp\" \/>\n<meta name=\"twitter:card\" content=\"summary_large_image\" \/>\n<meta name=\"twitter:label1\" content=\"Tiempo de lectura\" \/>\n\t<meta name=\"twitter:data1\" content=\"1 minuto\" \/>\n<script type=\"application\/ld+json\" class=\"yoast-schema-graph\">{\"@context\":\"https:\/\/schema.org\",\"@graph\":[{\"@type\":\"WebPage\",\"@id\":\"https:\/\/hairsolutions.es\/es\/tratamientos\/\",\"url\":\"https:\/\/hairsolutions.es\/es\/tratamientos\/\",\"name\":\"Tratamientos - Hairsolutions\",\"isPartOf\":{\"@id\":\"https:\/\/hairsolutions.es\/es\/#website\"},\"primaryImageOfPage\":{\"@id\":\"https:\/\/hairsolutions.es\/es\/tratamientos\/#primaryimage\"},\"image\":{\"@id\":\"https:\/\/hairsolutions.es\/es\/tratamientos\/#primaryimage\"},\"thumbnailUrl\":\"https:\/\/hairsolutions.es\/wp-content\/uploads\/2025\/10\/hairsolutions-banner-4278.webp\",\"datePublished\":\"2025-01-13T12:58:19+00:00\",\"dateModified\":\"2025-11-14T15:23:25+00:00\",\"breadcrumb\":{\"@id\":\"https:\/\/hairsolutions.es\/es\/tratamientos\/#breadcrumb\"},\"inLanguage\":\"es\",\"potentialAction\":[{\"@type\":\"ReadAction\",\"target\":[\"https:\/\/hairsolutions.es\/es\/tratamientos\/\"]}]},{\"@type\":\"ImageObject\",\"inLanguage\":\"es\",\"@id\":\"https:\/\/hairsolutions.es\/es\/tratamientos\/#primaryimage\",\"url\":\"https:\/\/hairsolutions.es\/wp-content\/uploads\/2025\/10\/hairsolutions-banner-4278.webp\",\"contentUrl\":\"https:\/\/hairsolutions.es\/wp-content\/uploads\/2025\/10\/hairsolutions-banner-4278.webp\",\"width\":1920,\"height\":1076},{\"@type\":\"BreadcrumbList\",\"@id\":\"https:\/\/hairsolutions.es\/es\/tratamientos\/#breadcrumb\",\"itemListElement\":[{\"@type\":\"ListItem\",\"position\":1,\"name\":\"Home\",\"item\":\"https:\/\/hairsolutions.es\/es\/\"},{\"@type\":\"ListItem\",\"position\":2,\"name\":\"Tratamientos\"}]},{\"@type\":\"WebSite\",\"@id\":\"https:\/\/hairsolutions.es\/es\/#website\",\"url\":\"https:\/\/hairsolutions.es\/es\/\",\"name\":\"Hairsolutions\",\"description\":\"\",\"potentialAction\":[{\"@type\":\"SearchAction\",\"target\":{\"@type\":\"EntryPoint\",\"urlTemplate\":\"https:\/\/hairsolutions.es\/es\/?s={search_term_string}\"},\"query-input\":{\"@type\":\"PropertyValueSpecification\",\"valueRequired\":true,\"valueName\":\"search_term_string\"}}],\"inLanguage\":\"es\"}]}<\/script>\n<!-- \/ Yoast SEO plugin. -->","yoast_head_json":{"title":"Tratamientos - Hairsolutions","robots":{"index":"index","follow":"follow","max-snippet":"max-snippet:-1","max-image-preview":"max-image-preview:large","max-video-preview":"max-video-preview:-1"},"canonical":"https:\/\/hairsolutions.es\/es\/tratamientos\/","og_locale":"es_ES","og_type":"article","og_title":"Tratamientos - Hairsolutions","og_description":"1. Micropigmentaci\u00f3n del cabello (MHP) Compactaci\u00f3n \u00f3ptica del cabello sin cirug\u00eda. Los puntos de pigmento ultrafinos crean la apariencia de una barba incipiente de cabello natural, ideal para el adelgazamiento del cabello, las calvas o las cicatrices. Aprende m\u00e1s 2. Mesoterapia para la ca\u00edda del cabello Restaura y fortalece el crecimiento natural de tu cabello. [&hellip;]","og_url":"https:\/\/hairsolutions.es\/es\/tratamientos\/","og_site_name":"Hairsolutions","article_modified_time":"2025-11-14T15:23:25+00:00","og_image":[{"width":1920,"height":1076,"url":"https:\/\/hairsolutions.es\/wp-content\/uploads\/2025\/10\/hairsolutions-banner-4278.webp","type":"image\/webp"}],"twitter_card":"summary_large_image","twitter_misc":{"Tiempo de lectura":"1 minuto"},"schema":{"@context":"https:\/\/schema.org","@graph":[{"@type":"WebPage","@id":"https:\/\/hairsolutions.es\/es\/tratamientos\/","url":"https:\/\/hairsolutions.es\/es\/tratamientos\/","name":"Tratamientos - Hairsolutions","isPartOf":{"@id":"https:\/\/hairsolutions.es\/es\/#website"},"primaryImageOfPage":{"@id":"https:\/\/hairsolutions.es\/es\/tratamientos\/#primaryimage"},"image":{"@id":"https:\/\/hairsolutions.es\/es\/tratamientos\/#primaryimage"},"thumbnailUrl":"https:\/\/hairsolutions.es\/wp-content\/uploads\/2025\/10\/hairsolutions-banner-4278.webp","datePublished":"2025-01-13T12:58:19+00:00","dateModified":"2025-11-14T15:23:25+00:00","breadcrumb":{"@id":"https:\/\/hairsolutions.es\/es\/tratamientos\/#breadcrumb"},"inLanguage":"es","potentialAction":[{"@type":"ReadAction","target":["https:\/\/hairsolutions.es\/es\/tratamientos\/"]}]},{"@type":"ImageObject","inLanguage":"es","@id":"https:\/\/hairsolutions.es\/es\/tratamientos\/#primaryimage","url":"https:\/\/hairsolutions.es\/wp-content\/uploads\/2025\/10\/hairsolutions-banner-4278.webp","contentUrl":"https:\/\/hairsolutions.es\/wp-content\/uploads\/2025\/10\/hairsolutions-banner-4278.webp","width":1920,"height":1076},{"@type":"BreadcrumbList","@id":"https:\/\/hairsolutions.es\/es\/tratamientos\/#breadcrumb","itemListElement":[{"@type":"ListItem","position":1,"name":"Home","item":"https:\/\/hairsolutions.es\/es\/"},{"@type":"ListItem","position":2,"name":"Tratamientos"}]},{"@type":"WebSite","@id":"https:\/\/hairsolutions.es\/es\/#website","url":"https:\/\/hairsolutions.es\/es\/","name":"Hairsolutions","description":"","potentialAction":[{"@type":"SearchAction","target":{"@type":"EntryPoint","urlTemplate":"https:\/\/hairsolutions.es\/es\/?s={search_term_string}"},"query-input":{"@type":"PropertyValueSpecification","valueRequired":true,"valueName":"search_term_string"}}],"inLanguage":"es"}]}},"_links":{"self":[{"href":"https:\/\/hairsolutions.es\/es\/wp-json\/wp\/v2\/pages\/785","targetHints":{"allow":["GET"]}}],"collection":[{"href":"https:\/\/hairsolutions.es\/es\/wp-json\/wp\/v2\/pages"}],"about":[{"href":"https:\/\/hairsolutions.es\/es\/wp-json\/wp\/v2\/types\/page"}],"author":[{"embeddable":true,"href":"https:\/\/hairsolutions.es\/es\/wp-json\/wp\/v2\/users\/1"}],"replies":[{"embeddable":true,"href":"https:\/\/hairsolutions.es\/es\/wp-json\/wp\/v2\/comments?post=785"}],"version-history":[{"count":1,"href":"https:\/\/hairsolutions.es\/es\/wp-json\/wp\/v2\/pages\/785\/revisions"}],"predecessor-version":[{"id":786,"href":"https:\/\/hairsolutions.es\/es\/wp-json\/wp\/v2\/pages\/785\/revisions\/786"}],"wp:featuredmedia":[{"embeddable":true,"href":"https:\/\/hairsolutions.es\/es\/wp-json\/wp\/v2\/media\/702"}],"wp:attachment":[{"href":"https:\/\/hairsolutions.es\/es\/wp-json\/wp\/v2\/media?parent=785"}],"curies":[{"name":"wp","href":"https:\/\/api.w.org\/{rel}","templated":true}]}}