{"id":666,"date":"2025-11-09T15:19:30","date_gmt":"2025-11-09T15:19:30","guid":{"rendered":"https:\/\/hairsolutions.es\/trasplante-capilar-espana\/"},"modified":"2025-11-14T15:16:41","modified_gmt":"2025-11-14T15:16:41","slug":"trasplante-capilar-espana","status":"publish","type":"page","link":"https:\/\/hairsolutions.es\/es\/trasplante-capilar-espana\/","title":{"rendered":"Trasplante Capilar Espa\u00f1a"},"content":{"rendered":"\t\t<div data-elementor-type=\"wp-page\" data-elementor-id=\"666\" class=\"elementor elementor-666 elementor-523\" data-elementor-settings=\"{&quot;element_pack_global_tooltip_width&quot;:{&quot;unit&quot;:&quot;px&quot;,&quot;size&quot;:&quot;&quot;,&quot;sizes&quot;:[]},&quot;element_pack_global_tooltip_width_tablet&quot;:{&quot;unit&quot;:&quot;px&quot;,&quot;size&quot;:&quot;&quot;,&quot;sizes&quot;:[]},&quot;element_pack_global_tooltip_width_mobile&quot;:{&quot;unit&quot;:&quot;px&quot;,&quot;size&quot;:&quot;&quot;,&quot;sizes&quot;:[]},&quot;element_pack_global_tooltip_padding&quot;:{&quot;unit&quot;:&quot;px&quot;,&quot;top&quot;:&quot;&quot;,&quot;right&quot;:&quot;&quot;,&quot;bottom&quot;:&quot;&quot;,&quot;left&quot;:&quot;&quot;,&quot;isLinked&quot;:true},&quot;element_pack_global_tooltip_padding_tablet&quot;:{&quot;unit&quot;:&quot;px&quot;,&quot;top&quot;:&quot;&quot;,&quot;right&quot;:&quot;&quot;,&quot;bottom&quot;:&quot;&quot;,&quot;left&quot;:&quot;&quot;,&quot;isLinked&quot;:true},&quot;element_pack_global_tooltip_padding_mobile&quot;:{&quot;unit&quot;:&quot;px&quot;,&quot;top&quot;:&quot;&quot;,&quot;right&quot;:&quot;&quot;,&quot;bottom&quot;:&quot;&quot;,&quot;left&quot;:&quot;&quot;,&quot;isLinked&quot;:true},&quot;element_pack_global_tooltip_border_radius&quot;:{&quot;unit&quot;:&quot;px&quot;,&quot;top&quot;:&quot;&quot;,&quot;right&quot;:&quot;&quot;,&quot;bottom&quot;:&quot;&quot;,&quot;left&quot;:&quot;&quot;,&quot;isLinked&quot;:true},&quot;element_pack_global_tooltip_border_radius_tablet&quot;:{&quot;unit&quot;:&quot;px&quot;,&quot;top&quot;:&quot;&quot;,&quot;right&quot;:&quot;&quot;,&quot;bottom&quot;:&quot;&quot;,&quot;left&quot;:&quot;&quot;,&quot;isLinked&quot;:true},&quot;element_pack_global_tooltip_border_radius_mobile&quot;:{&quot;unit&quot;:&quot;px&quot;,&quot;top&quot;:&quot;&quot;,&quot;right&quot;:&quot;&quot;,&quot;bottom&quot;:&quot;&quot;,&quot;left&quot;:&quot;&quot;,&quot;isLinked&quot;:true}}\">\n\t\t\t\t<div class=\"elementor-element elementor-element-525f9e11 e-flex e-con-boxed e-con e-parent\" data-id=\"525f9e11\" data-element_type=\"container\" data-settings=\"{&quot;background_background&quot;:&quot;classic&quot;}\">\n\t\t\t\t\t<div class=\"e-con-inner\">\n\t\t<div class=\"elementor-element elementor-element-6dfddcc0 e-con-full e-flex e-con e-child\" data-id=\"6dfddcc0\" data-element_type=\"container\" data-settings=\"{&quot;background_background&quot;:&quot;classic&quot;}\">\n\t\t\t\t<div class=\"elementor-element elementor-element-3025b3d1 elementor-widget elementor-widget-image\" data-id=\"3025b3d1\" data-element_type=\"widget\" data-widget_type=\"image.default\">\n\t\t\t\t\t\t\t\t\t\t\t\t\t\t\t<img fetchpriority=\"high\" decoding=\"async\" width=\"1000\" height=\"732\" src=\"https:\/\/hairsolutions.es\/wp-content\/uploads\/2025\/10\/haar-consult-429842-1024x750.webp\" class=\"attachment-large size-large wp-image-667\" alt=\"su consulta 429842\" srcset=\"https:\/\/hairsolutions.es\/wp-content\/uploads\/2025\/10\/haar-consult-429842-1024x750.webp 1024w, https:\/\/hairsolutions.es\/wp-content\/uploads\/2025\/10\/haar-consult-429842-300x220.webp 300w, https:\/\/hairsolutions.es\/wp-content\/uploads\/2025\/10\/haar-consult-429842-768x562.webp 768w, https:\/\/hairsolutions.es\/wp-content\/uploads\/2025\/10\/haar-consult-429842-1536x1125.webp 1536w, https:\/\/hairsolutions.es\/wp-content\/uploads\/2025\/10\/haar-consult-429842-650x476.webp 650w, https:\/\/hairsolutions.es\/wp-content\/uploads\/2025\/10\/haar-consult-429842.webp 1980w\" sizes=\"(max-width: 1000px) 100vw, 1000px\" \/>\t\t\t\t\t\t\t\t\t\t\t\t\t\t\t<\/div>\n\t\t\t\t<\/div>\n\t\t<div class=\"elementor-element elementor-element-2f2c63a0 e-con-full e-flex e-con e-child\" data-id=\"2f2c63a0\" data-element_type=\"container\">\n\t\t\t\t<div class=\"elementor-element elementor-element-5892df68 elementor-widget elementor-widget-heading\" data-id=\"5892df68\" data-element_type=\"widget\" data-widget_type=\"heading.default\">\n\t\t\t\t\t<h1 class=\"elementor-heading-title elementor-size-default\">Trasplante Capilar Espa\u00f1a: Elige Calidad, Comodidad y Resultados Naturales<\/h1>\t\t\t\t<\/div>\n\t\t\t\t<div class=\"elementor-element elementor-element-43f61581 elementor-widget elementor-widget-text-editor\" data-id=\"43f61581\" data-element_type=\"widget\" data-widget_type=\"text-editor.default\">\n\t\t\t\t\t\t\t\t\t<p>Cada vez m\u00e1s personas optan por <strong>un trasplante capilar en Espa\u00f1a<\/strong> , y por una buena raz\u00f3n.<br>En la <strong>Costa Blanca<\/strong> , <strong>Hair Solutions<\/strong> ofrece trasplantes capilares de alta calidad que cumplen con los mismos est\u00e1ndares m\u00e9dicos que en los Pa\u00edses Bajos, pero con la ventaja de <strong>costos m\u00e1s bajos, m\u00e1s privacidad y un entorno de recuperaci\u00f3n relajado<\/strong>.<\/p><p>Ya sea que sufra de ensenadas, adelgazamiento del cabello o calvicie total: con un trasplante capilar puede recuperar su cabello natural y la confianza en s\u00ed mismo.<\/p>\t\t\t\t\t\t\t\t<\/div>\n\t\t\t\t<div class=\"elementor-element elementor-element-588200e2 elementor-widget elementor-widget-button\" data-id=\"588200e2\" data-element_type=\"widget\" data-widget_type=\"button.default\">\n\t\t\t\t\t\t\t\t\t\t<a class=\"elementor-button elementor-button-link elementor-size-sm\" href=\"https:\/\/hairsolutions.es\/es\/?page_id=639\">\n\t\t\t\t\t\t<span class=\"elementor-button-content-wrapper\">\n\t\t\t\t\t\t\t\t\t<span class=\"elementor-button-text\">Solicite una consulta<\/span>\n\t\t\t\t\t<\/span>\n\t\t\t\t\t<\/a>\n\t\t\t\t\t\t\t\t<\/div>\n\t\t\t\t<\/div>\n\t\t\t\t\t<\/div>\n\t\t\t\t<\/div>\n\t\t<div class=\"elementor-element elementor-element-7cd6a460 e-flex e-con-boxed e-con e-parent\" data-id=\"7cd6a460\" data-element_type=\"container\">\n\t\t\t\t\t<div class=\"e-con-inner\">\n\t\t<div class=\"elementor-element elementor-element-6ee6b4a6 e-con-full e-flex e-con e-child\" data-id=\"6ee6b4a6\" data-element_type=\"container\">\n\t\t\t\t<div class=\"elementor-element elementor-element-44ff2d10 elementor-widget elementor-widget-text-editor\" data-id=\"44ff2d10\" data-element_type=\"widget\" data-widget_type=\"text-editor.default\">\n\t\t\t\t\t\t\t\t\t<h2>\u00bfPor qu\u00e9 elegir el trasplante capilar en Espa\u00f1a?<\/h2><p>Un trasplante capilar es una decisi\u00f3n importante. Por ello, es fundamental que elijas una cl\u00ednica que combine <strong>experiencia, calidad y atenci\u00f3n personalizada<\/strong> . <\/p><p>En <strong>Hair Solutions Spain<\/strong> <strong>reunimos m\u00e1s de 20 a\u00f1os de experiencia<\/strong> con las \u00faltimas t\u00e9cnicas de restauraci\u00f3n capilar.<br>Nuestros clientes vienen de toda Europa para beneficiarse de:<\/p><ol><li><strong>  Experiencia holandesa en la costa espa\u00f1ola<\/strong><\/li><\/ol><p>La cl\u00ednica est\u00e1 dirigida por Edwin y Charlotte van Wooning, fundadores de la <strong>Dutch Hair Foundation<\/strong>. Sus a\u00f1os de experiencia garantizan resultados seguros, efectivos y de aspecto natural. <\/p><ol start=\"2\"><li><strong>  Cuidados posteriores profesionales en un ambiente relajado<\/strong><\/li><\/ol><p>Despu\u00e9s de un trasplante capilar, el descanso es importante. El clima templado de la Costa Blanca asegura un proceso de recuperaci\u00f3n \u00f3ptimo, alejado del estr\u00e9s y el fr\u00edo. <\/p><ol start=\"3\"><li><strong>  Tarifas atractivas sin comprometer la calidad<\/strong><\/li><\/ol><p>Los precios son, en promedio, entre un <strong>30 y un 40% m\u00e1s bajos<\/strong> que en los Pa\u00edses Bajos, mientras que obtienes la misma calidad m\u00e9dica, incluida la orientaci\u00f3n personal en holand\u00e9s, ingl\u00e9s o espa\u00f1ol.<\/p><h3>\u00bfQu\u00e9 t\u00e9cnicas se utilizan?<\/h3><p>En <strong>Hair Solutions Spain<\/strong> trabajamos exclusivamente con m\u00e9todos modernos de trasplante:<\/p><h4>Trasplante capilar FUE (extracci\u00f3n de unidades foliculares)<\/h4><p>La t\u00e9cnica m\u00e1s popular y sofisticada, en la que los fol\u00edculos pilosos se cosechan y replantan uno por uno.<\/p><ul><li>Sin cicatrices<\/li><li>L\u00ednea de cabello natural<\/li><li>Tiempo de recuperaci\u00f3n r\u00e1pido<\/li><\/ul><h4>T\u00e9cnica DHI (Implantaci\u00f3n Directa de Cabello)<\/h4><p>Una variante avanzada de FUE, en la que los fol\u00edculos pilosos se implantan directamente sin incisiones previas.<\/p><ul><li>Menos posibilidades de da\u00f1o<\/li><li>Mayor densidad<\/li><li>Colocaci\u00f3n m\u00e1s precisa<\/li><\/ul><p>El m\u00e9todo m\u00e1s adecuado se determina durante una <strong>consulta personal<\/strong> en funci\u00f3n de su tipo de cabello, deseos y patr\u00f3n de p\u00e9rdida de cabello.<\/p><h3>\u00bfC\u00f3mo funciona el proceso de tratamiento?<\/h3><ol><li><strong>Admisi\u00f3n y an\u00e1lisis<\/strong> : discutimos sus deseos, antecedentes m\u00e9dicos y densidad del cabello.<\/li><li><strong>Tratamiento<\/strong> : el trasplante se realiza bajo anestesia local.<\/li><li><strong>Cuidados posteriores<\/strong> : recibir\u00e1 instrucciones claras para la recuperaci\u00f3n y el cuidado.<\/li><li><strong>Resultado<\/strong> : despu\u00e9s de 9 a 12 meses, el resultado final es visible.<\/li><\/ol><h3>Ventajas de un trasplante capilar en Espa\u00f1a<\/h3><ul><li>\ud83c\uddf3\ud83c\uddf1 Calidad holandesa, fabricada en Espa\u00f1a<\/li><li>\ud83c\udf34 Recuperaci\u00f3n relajada en un entorno agradable<\/li><li>\ud83d\udcb6 Costes m\u00e1s bajos que en el norte de Europa<\/li><li>\ud83d\udc69 \u2695\ufe0f Orientaci\u00f3n personal de especialistas experimentados<\/li><li>\ud83d\udd12 Discreci\u00f3n y privacidad garantizadas<\/li><\/ul><p>En <strong>Hair Solutions<\/strong> , la calidad siempre est\u00e1 por encima de la cantidad. Cada tratamiento se realiza con un ojo para el detalle, la simetr\u00eda y la naturalidad. <\/p><h3>Conclusi\u00f3n: lo mejor de ambos mundos<\/h3><p>Un <strong>trasplante capilar en Espa\u00f1a<\/strong> combina la perfecci\u00f3n m\u00e9dica con la comodidad y la tranquilidad.<br>En <strong>Hair Solutions Costa Blanca<\/strong> , obtienes un resultado profesional, llevado a cabo por expertos con m\u00e1s de 20 a\u00f1os de experiencia, todo bajo el sol espa\u00f1ol.<\/p><p><strong>\u00bfTe est\u00e1s planteando un injerto capilar en Espa\u00f1a?<\/strong><br>Programe una consulta sin compromiso a trav\u00e9s <a href=\"https:\/\/www.hairsolutions.nl\">de www.hairsolutions.nl<\/a> y descubra lo que podemos hacer por usted.<\/p><h3>Preguntas frecuentes \u2013 Trasplante Capilar Espa\u00f1a<\/h3><ol><li><strong>  \u00bfPor qu\u00e9 tanta gente elige un trasplante capilar en Espa\u00f1a?<\/strong><\/li><\/ol><p>Debido a la combinaci\u00f3n de <strong>alta calidad, menores costos y relajaci\u00f3n<\/strong> durante la recuperaci\u00f3n.<\/p><ol start=\"2\"><li><strong>  \u00bfCu\u00e1nto cuesta de media un trasplante capilar en Espa\u00f1a?<\/strong><\/li><\/ol><p>Dependiendo del n\u00famero de injertos, el precio oscila entre <strong>2.500 y 5.000 euros<\/strong>, incluyendo consulta y cuidados posteriores.<\/p><ol start=\"3\"><li><strong>  \u00bfEs tan seguro un trasplante capilar en Espa\u00f1a como en los Pa\u00edses Bajos?<\/strong><\/li><\/ol><p>S\u00ed. Hair Solutions trabaja de acuerdo con los est\u00e1ndares m\u00e9dicos holandeses y las pautas de seguridad europeas. <\/p><ol start=\"4\"><li><strong>  \u00bfCu\u00e1l es la diferencia entre FUE y DHI?<\/strong><\/li><\/ol><p>FUE es la t\u00e9cnica est\u00e1ndar en la que se recolectan e implantan los fol\u00edculos pilosos. DHI es m\u00e1s refinado y ofrece una mayor densidad a trav\u00e9s de la implantaci\u00f3n directa. <\/p><ol start=\"5\"><li><strong>  \u00bfCu\u00e1nto tiempo tarda la recuperaci\u00f3n?<\/strong><\/li><\/ol><p>Puede regresar al trabajo dentro de 7 a 10 d\u00edas. Despu\u00e9s de 3 meses, el nuevo cabello comienza a crecer. <\/p><ol start=\"6\"><li><strong>  \u00bfPuedo combinar mis vacaciones con el tratamiento?<\/strong><\/li><\/ol><p>S\u00ed, muchos clientes combinan su trasplante capilar con un periodo de descanso en la Costa Blanca.<\/p><ol start=\"7\"><li><strong>  \u00bfSe reembolsa un trasplante capilar?<\/strong><\/li><\/ol><p>En la mayor\u00eda de los casos, no, a menos que la p\u00e9rdida de cabello sea de naturaleza m\u00e9dica o traum\u00e1tica.<\/p><ol start=\"8\"><li><strong>  \u00bfPuedo pagar el tratamiento tambi\u00e9n a plazos?<\/strong><\/li><\/ol><p>S\u00ed, es posible realizar arreglos de pago flexibles en Hair Solutions.<\/p><ol start=\"9\"><li><strong>  \u00bfEs doloroso el tratamiento?<\/strong><\/li><\/ol><p>No, el tratamiento se realiza con anestesia local. Despu\u00e9s, puede experimentar una ligera sensibilidad. <\/p><ol start=\"10\"><li><strong>  \u00bfPor qu\u00e9 los clientes eligen Hair Solutions Spain?<\/strong><\/li><\/ol><p>Porque tienen la seguridad de <strong>contar con especialistas holandeses, resultados naturales y orientaci\u00f3n personal<\/strong> en su propio idioma.<\/p>\t\t\t\t\t\t\t\t<\/div>\n\t\t\t\t<div class=\"elementor-element elementor-element-63f7e7a4 elementor-widget elementor-widget-button\" data-id=\"63f7e7a4\" data-element_type=\"widget\" data-widget_type=\"button.default\">\n\t\t\t\t\t\t\t\t\t\t<a class=\"elementor-button elementor-button-link elementor-size-sm\" href=\"https:\/\/hairsolutions.es\/es\/?page_id=639\">\n\t\t\t\t\t\t<span class=\"elementor-button-content-wrapper\">\n\t\t\t\t\t\t\t\t\t<span class=\"elementor-button-text\">Solicite una consulta<\/span>\n\t\t\t\t\t<\/span>\n\t\t\t\t\t<\/a>\n\t\t\t\t\t\t\t\t<\/div>\n\t\t\t\t<\/div>\n\t\t\t\t\t<\/div>\n\t\t\t\t<\/div>\n\t\t\t\t<\/div>\n\t\t","protected":false},"excerpt":{"rendered":"<p>Trasplante Capilar Espa\u00f1a: Elige Calidad, Comodidad y Resultados Naturales Cada vez m\u00e1s personas optan por un trasplante capilar en Espa\u00f1a , y por una buena raz\u00f3n.En la Costa Blanca , Hair Solutions ofrece trasplantes capilares de alta calidad que cumplen con los mismos est\u00e1ndares m\u00e9dicos que en los Pa\u00edses Bajos, pero con la ventaja de [&hellip;]<\/p>\n","protected":false},"author":1,"featured_media":0,"parent":0,"menu_order":0,"comment_status":"closed","ping_status":"closed","template":"","meta":{"footnotes":""},"class_list":["post-666","page","type-page","status-publish","hentry"],"yoast_head":"<!-- This site is optimized with the Yoast SEO plugin v26.6 - https:\/\/yoast.com\/wordpress\/plugins\/seo\/ -->\n<title>Trasplante capilar en Espa\u00f1a: combine una atenci\u00f3n de alta calidad con sol y comodidad<\/title>\n<meta name=\"description\" content=\"Descubre los beneficios de hacerte un trasplante capilar en Espa\u00f1a. Hair Solutions en la Costa Blanca ofrece experiencia holandesa con hospitalidad espa\u00f1ola.\" \/>\n<meta name=\"robots\" content=\"index, follow, max-snippet:-1, max-image-preview:large, max-video-preview:-1\" \/>\n<link rel=\"canonical\" href=\"https:\/\/hairsolutions.es\/es\/trasplante-capilar-espana\/\" \/>\n<meta property=\"og:locale\" content=\"es_ES\" \/>\n<meta property=\"og:type\" content=\"article\" \/>\n<meta property=\"og:title\" content=\"Trasplante capilar en Espa\u00f1a: combine una atenci\u00f3n de alta calidad con sol y comodidad\" \/>\n<meta property=\"og:description\" content=\"Descubre los beneficios de hacerte un trasplante capilar en Espa\u00f1a. Hair Solutions en la Costa Blanca ofrece experiencia holandesa con hospitalidad espa\u00f1ola.\" \/>\n<meta property=\"og:url\" content=\"https:\/\/hairsolutions.es\/es\/trasplante-capilar-espana\/\" \/>\n<meta property=\"og:site_name\" content=\"Hairsolutions\" \/>\n<meta property=\"article:modified_time\" content=\"2025-11-14T15:16:41+00:00\" \/>\n<meta property=\"og:image\" content=\"https:\/\/hairsolutions.es\/wp-content\/uploads\/2025\/10\/haar-consult-429842-1024x750.webp\" \/>\n<meta name=\"twitter:card\" content=\"summary_large_image\" \/>\n<meta name=\"twitter:label1\" content=\"Tiempo de lectura\" \/>\n\t<meta name=\"twitter:data1\" content=\"4 minutos\" \/>\n<script type=\"application\/ld+json\" class=\"yoast-schema-graph\">{\"@context\":\"https:\/\/schema.org\",\"@graph\":[{\"@type\":\"WebPage\",\"@id\":\"https:\/\/hairsolutions.es\/es\/trasplante-capilar-espana\/\",\"url\":\"https:\/\/hairsolutions.es\/es\/trasplante-capilar-espana\/\",\"name\":\"Trasplante capilar en Espa\u00f1a: combine una atenci\u00f3n de alta calidad con sol y comodidad\",\"isPartOf\":{\"@id\":\"https:\/\/hairsolutions.es\/es\/#website\"},\"primaryImageOfPage\":{\"@id\":\"https:\/\/hairsolutions.es\/es\/trasplante-capilar-espana\/#primaryimage\"},\"image\":{\"@id\":\"https:\/\/hairsolutions.es\/es\/trasplante-capilar-espana\/#primaryimage\"},\"thumbnailUrl\":\"https:\/\/hairsolutions.es\/wp-content\/uploads\/2025\/10\/haar-consult-429842-1024x750.webp\",\"datePublished\":\"2025-11-09T15:19:30+00:00\",\"dateModified\":\"2025-11-14T15:16:41+00:00\",\"description\":\"Descubre los beneficios de hacerte un trasplante capilar en Espa\u00f1a. Hair Solutions en la Costa Blanca ofrece experiencia holandesa con hospitalidad espa\u00f1ola.\",\"breadcrumb\":{\"@id\":\"https:\/\/hairsolutions.es\/es\/trasplante-capilar-espana\/#breadcrumb\"},\"inLanguage\":\"es\",\"potentialAction\":[{\"@type\":\"ReadAction\",\"target\":[\"https:\/\/hairsolutions.es\/es\/trasplante-capilar-espana\/\"]}]},{\"@type\":\"ImageObject\",\"inLanguage\":\"es\",\"@id\":\"https:\/\/hairsolutions.es\/es\/trasplante-capilar-espana\/#primaryimage\",\"url\":\"https:\/\/hairsolutions.es\/wp-content\/uploads\/2025\/10\/haar-consult-429842-1024x750.webp\",\"contentUrl\":\"https:\/\/hairsolutions.es\/wp-content\/uploads\/2025\/10\/haar-consult-429842-1024x750.webp\"},{\"@type\":\"BreadcrumbList\",\"@id\":\"https:\/\/hairsolutions.es\/es\/trasplante-capilar-espana\/#breadcrumb\",\"itemListElement\":[{\"@type\":\"ListItem\",\"position\":1,\"name\":\"Home\",\"item\":\"https:\/\/hairsolutions.es\/es\/\"},{\"@type\":\"ListItem\",\"position\":2,\"name\":\"Trasplante Capilar Espa\u00f1a\"}]},{\"@type\":\"WebSite\",\"@id\":\"https:\/\/hairsolutions.es\/es\/#website\",\"url\":\"https:\/\/hairsolutions.es\/es\/\",\"name\":\"Hairsolutions\",\"description\":\"\",\"potentialAction\":[{\"@type\":\"SearchAction\",\"target\":{\"@type\":\"EntryPoint\",\"urlTemplate\":\"https:\/\/hairsolutions.es\/es\/?s={search_term_string}\"},\"query-input\":{\"@type\":\"PropertyValueSpecification\",\"valueRequired\":true,\"valueName\":\"search_term_string\"}}],\"inLanguage\":\"es\"}]}<\/script>\n<!-- \/ Yoast SEO plugin. -->","yoast_head_json":{"title":"Trasplante capilar en Espa\u00f1a: combine una atenci\u00f3n de alta calidad con sol y comodidad","description":"Descubre los beneficios de hacerte un trasplante capilar en Espa\u00f1a. Hair Solutions en la Costa Blanca ofrece experiencia holandesa con hospitalidad espa\u00f1ola.","robots":{"index":"index","follow":"follow","max-snippet":"max-snippet:-1","max-image-preview":"max-image-preview:large","max-video-preview":"max-video-preview:-1"},"canonical":"https:\/\/hairsolutions.es\/es\/trasplante-capilar-espana\/","og_locale":"es_ES","og_type":"article","og_title":"Trasplante capilar en Espa\u00f1a: combine una atenci\u00f3n de alta calidad con sol y comodidad","og_description":"Descubre los beneficios de hacerte un trasplante capilar en Espa\u00f1a. Hair Solutions en la Costa Blanca ofrece experiencia holandesa con hospitalidad espa\u00f1ola.","og_url":"https:\/\/hairsolutions.es\/es\/trasplante-capilar-espana\/","og_site_name":"Hairsolutions","article_modified_time":"2025-11-14T15:16:41+00:00","og_image":[{"url":"https:\/\/hairsolutions.es\/wp-content\/uploads\/2025\/10\/haar-consult-429842-1024x750.webp","type":"","width":"","height":""}],"twitter_card":"summary_large_image","twitter_misc":{"Tiempo de lectura":"4 minutos"},"schema":{"@context":"https:\/\/schema.org","@graph":[{"@type":"WebPage","@id":"https:\/\/hairsolutions.es\/es\/trasplante-capilar-espana\/","url":"https:\/\/hairsolutions.es\/es\/trasplante-capilar-espana\/","name":"Trasplante capilar en Espa\u00f1a: combine una atenci\u00f3n de alta calidad con sol y comodidad","isPartOf":{"@id":"https:\/\/hairsolutions.es\/es\/#website"},"primaryImageOfPage":{"@id":"https:\/\/hairsolutions.es\/es\/trasplante-capilar-espana\/#primaryimage"},"image":{"@id":"https:\/\/hairsolutions.es\/es\/trasplante-capilar-espana\/#primaryimage"},"thumbnailUrl":"https:\/\/hairsolutions.es\/wp-content\/uploads\/2025\/10\/haar-consult-429842-1024x750.webp","datePublished":"2025-11-09T15:19:30+00:00","dateModified":"2025-11-14T15:16:41+00:00","description":"Descubre los beneficios de hacerte un trasplante capilar en Espa\u00f1a. Hair Solutions en la Costa Blanca ofrece experiencia holandesa con hospitalidad espa\u00f1ola.","breadcrumb":{"@id":"https:\/\/hairsolutions.es\/es\/trasplante-capilar-espana\/#breadcrumb"},"inLanguage":"es","potentialAction":[{"@type":"ReadAction","target":["https:\/\/hairsolutions.es\/es\/trasplante-capilar-espana\/"]}]},{"@type":"ImageObject","inLanguage":"es","@id":"https:\/\/hairsolutions.es\/es\/trasplante-capilar-espana\/#primaryimage","url":"https:\/\/hairsolutions.es\/wp-content\/uploads\/2025\/10\/haar-consult-429842-1024x750.webp","contentUrl":"https:\/\/hairsolutions.es\/wp-content\/uploads\/2025\/10\/haar-consult-429842-1024x750.webp"},{"@type":"BreadcrumbList","@id":"https:\/\/hairsolutions.es\/es\/trasplante-capilar-espana\/#breadcrumb","itemListElement":[{"@type":"ListItem","position":1,"name":"Home","item":"https:\/\/hairsolutions.es\/es\/"},{"@type":"ListItem","position":2,"name":"Trasplante Capilar Espa\u00f1a"}]},{"@type":"WebSite","@id":"https:\/\/hairsolutions.es\/es\/#website","url":"https:\/\/hairsolutions.es\/es\/","name":"Hairsolutions","description":"","potentialAction":[{"@type":"SearchAction","target":{"@type":"EntryPoint","urlTemplate":"https:\/\/hairsolutions.es\/es\/?s={search_term_string}"},"query-input":{"@type":"PropertyValueSpecification","valueRequired":true,"valueName":"search_term_string"}}],"inLanguage":"es"}]}},"_links":{"self":[{"href":"https:\/\/hairsolutions.es\/es\/wp-json\/wp\/v2\/pages\/666","targetHints":{"allow":["GET"]}}],"collection":[{"href":"https:\/\/hairsolutions.es\/es\/wp-json\/wp\/v2\/pages"}],"about":[{"href":"https:\/\/hairsolutions.es\/es\/wp-json\/wp\/v2\/types\/page"}],"author":[{"embeddable":true,"href":"https:\/\/hairsolutions.es\/es\/wp-json\/wp\/v2\/users\/1"}],"replies":[{"embeddable":true,"href":"https:\/\/hairsolutions.es\/es\/wp-json\/wp\/v2\/comments?post=666"}],"version-history":[{"count":2,"href":"https:\/\/hairsolutions.es\/es\/wp-json\/wp\/v2\/pages\/666\/revisions"}],"predecessor-version":[{"id":670,"href":"https:\/\/hairsolutions.es\/es\/wp-json\/wp\/v2\/pages\/666\/revisions\/670"}],"wp:attachment":[{"href":"https:\/\/hairsolutions.es\/es\/wp-json\/wp\/v2\/media?parent=666"}],"curies":[{"name":"wp","href":"https:\/\/api.w.org\/{rel}","templated":true}]}}