{"id":631,"date":"2025-11-09T15:55:04","date_gmt":"2025-11-09T15:55:04","guid":{"rendered":"https:\/\/hairsolutions.es\/trasplante-capilar-espana-costa-blanca\/"},"modified":"2025-11-14T15:11:57","modified_gmt":"2025-11-14T15:11:57","slug":"trasplante-capilar-espana-costa-blanca","status":"publish","type":"page","link":"https:\/\/hairsolutions.es\/es\/trasplante-capilar-espana-costa-blanca\/","title":{"rendered":"Trasplante Capilar Espa\u00f1a \u2013 Costa Blanca"},"content":{"rendered":"\t\t<div data-elementor-type=\"wp-page\" data-elementor-id=\"631\" class=\"elementor elementor-631 elementor-568\" data-elementor-settings=\"{&quot;element_pack_global_tooltip_width&quot;:{&quot;unit&quot;:&quot;px&quot;,&quot;size&quot;:&quot;&quot;,&quot;sizes&quot;:[]},&quot;element_pack_global_tooltip_width_tablet&quot;:{&quot;unit&quot;:&quot;px&quot;,&quot;size&quot;:&quot;&quot;,&quot;sizes&quot;:[]},&quot;element_pack_global_tooltip_width_mobile&quot;:{&quot;unit&quot;:&quot;px&quot;,&quot;size&quot;:&quot;&quot;,&quot;sizes&quot;:[]},&quot;element_pack_global_tooltip_padding&quot;:{&quot;unit&quot;:&quot;px&quot;,&quot;top&quot;:&quot;&quot;,&quot;right&quot;:&quot;&quot;,&quot;bottom&quot;:&quot;&quot;,&quot;left&quot;:&quot;&quot;,&quot;isLinked&quot;:true},&quot;element_pack_global_tooltip_padding_tablet&quot;:{&quot;unit&quot;:&quot;px&quot;,&quot;top&quot;:&quot;&quot;,&quot;right&quot;:&quot;&quot;,&quot;bottom&quot;:&quot;&quot;,&quot;left&quot;:&quot;&quot;,&quot;isLinked&quot;:true},&quot;element_pack_global_tooltip_padding_mobile&quot;:{&quot;unit&quot;:&quot;px&quot;,&quot;top&quot;:&quot;&quot;,&quot;right&quot;:&quot;&quot;,&quot;bottom&quot;:&quot;&quot;,&quot;left&quot;:&quot;&quot;,&quot;isLinked&quot;:true},&quot;element_pack_global_tooltip_border_radius&quot;:{&quot;unit&quot;:&quot;px&quot;,&quot;top&quot;:&quot;&quot;,&quot;right&quot;:&quot;&quot;,&quot;bottom&quot;:&quot;&quot;,&quot;left&quot;:&quot;&quot;,&quot;isLinked&quot;:true},&quot;element_pack_global_tooltip_border_radius_tablet&quot;:{&quot;unit&quot;:&quot;px&quot;,&quot;top&quot;:&quot;&quot;,&quot;right&quot;:&quot;&quot;,&quot;bottom&quot;:&quot;&quot;,&quot;left&quot;:&quot;&quot;,&quot;isLinked&quot;:true},&quot;element_pack_global_tooltip_border_radius_mobile&quot;:{&quot;unit&quot;:&quot;px&quot;,&quot;top&quot;:&quot;&quot;,&quot;right&quot;:&quot;&quot;,&quot;bottom&quot;:&quot;&quot;,&quot;left&quot;:&quot;&quot;,&quot;isLinked&quot;:true}}\">\n\t\t\t\t<div class=\"elementor-element elementor-element-544afabc e-flex e-con-boxed e-con e-parent\" data-id=\"544afabc\" data-element_type=\"container\" data-settings=\"{&quot;background_background&quot;:&quot;classic&quot;}\">\n\t\t\t\t\t<div class=\"e-con-inner\">\n\t\t<div class=\"elementor-element elementor-element-236f576e e-con-full e-flex e-con e-child\" data-id=\"236f576e\" data-element_type=\"container\" data-settings=\"{&quot;background_background&quot;:&quot;classic&quot;}\">\n\t\t\t\t<div class=\"elementor-element elementor-element-eb3a74 elementor-widget elementor-widget-image\" data-id=\"eb3a74\" data-element_type=\"widget\" data-widget_type=\"image.default\">\n\t\t\t\t\t\t\t\t\t\t\t\t\t\t\t<img fetchpriority=\"high\" decoding=\"async\" width=\"1000\" height=\"707\" src=\"https:\/\/hairsolutions.es\/wp-content\/uploads\/2025\/10\/haartransplantatie-1024x724.webp\" class=\"attachment-large size-large wp-image-632\" alt=\"Trasplante Capilar\" srcset=\"https:\/\/hairsolutions.es\/wp-content\/uploads\/2025\/10\/haartransplantatie-1024x724.webp 1024w, https:\/\/hairsolutions.es\/wp-content\/uploads\/2025\/10\/haartransplantatie-300x212.webp 300w, https:\/\/hairsolutions.es\/wp-content\/uploads\/2025\/10\/haartransplantatie-768x543.webp 768w, https:\/\/hairsolutions.es\/wp-content\/uploads\/2025\/10\/haartransplantatie-1536x1086.webp 1536w, https:\/\/hairsolutions.es\/wp-content\/uploads\/2025\/10\/haartransplantatie-650x460.webp 650w, https:\/\/hairsolutions.es\/wp-content\/uploads\/2025\/10\/haartransplantatie.webp 1920w\" sizes=\"(max-width: 1000px) 100vw, 1000px\" \/>\t\t\t\t\t\t\t\t\t\t\t\t\t\t\t<\/div>\n\t\t\t\t<\/div>\n\t\t<div class=\"elementor-element elementor-element-5b251efb e-con-full e-flex e-con e-child\" data-id=\"5b251efb\" data-element_type=\"container\">\n\t\t\t\t<div class=\"elementor-element elementor-element-58454ab elementor-widget elementor-widget-heading\" data-id=\"58454ab\" data-element_type=\"widget\" data-widget_type=\"heading.default\">\n\t\t\t\t\t<h1 class=\"elementor-heading-title elementor-size-default\">Trasplante capilar Espa\u00f1a \u2013 Costa Blanca: una nueva cabellera en un ambiente relajado<\/h1>\t\t\t\t<\/div>\n\t\t\t\t<div class=\"elementor-element elementor-element-31c66769 elementor-widget elementor-widget-text-editor\" data-id=\"31c66769\" data-element_type=\"widget\" data-widget_type=\"text-editor.default\">\n\t\t\t\t\t\t\t\t\t<p>Cada vez m\u00e1s personas eligen realizarse su <strong>trasplante capilar en Espa\u00f1a<\/strong> , y por una buena raz\u00f3n.<br>La <strong>Costa Blanca<\/strong>, con su clima templado y sus modernas instalaciones m\u00e9dicas, ofrece el tel\u00f3n de fondo ideal para un <strong>tratamiento de alta calidad<\/strong> combinado con <strong>la recuperaci\u00f3n en paz y sol<\/strong>.<\/p><p>En <strong>Hair Solutions Spain<\/strong>, ubicada en la Costa Blanca, combinamos la <strong>experiencia holandesa<\/strong> con las ventajas de un tratamiento extranjero. Se beneficia de <strong>la m\u00e1xima calidad, de una orientaci\u00f3n personal y de un proceso de recuperaci\u00f3n relajado<\/strong>. <\/p>\t\t\t\t\t\t\t\t<\/div>\n\t\t\t\t<div class=\"elementor-element elementor-element-66ae7fa4 elementor-widget elementor-widget-button\" data-id=\"66ae7fa4\" data-element_type=\"widget\" data-widget_type=\"button.default\">\n\t\t\t\t\t\t\t\t\t\t<a class=\"elementor-button elementor-button-link elementor-size-sm\" href=\"https:\/\/hairsolutions.es\/consult-aanvragen\/\">\n\t\t\t\t\t\t<span class=\"elementor-button-content-wrapper\">\n\t\t\t\t\t\t\t\t\t<span class=\"elementor-button-text\">Solicite una consulta<\/span>\n\t\t\t\t\t<\/span>\n\t\t\t\t\t<\/a>\n\t\t\t\t\t\t\t\t<\/div>\n\t\t\t\t<\/div>\n\t\t\t\t\t<\/div>\n\t\t\t\t<\/div>\n\t\t<div class=\"elementor-element elementor-element-bf363bc e-flex e-con-boxed e-con e-parent\" data-id=\"bf363bc\" data-element_type=\"container\">\n\t\t\t\t\t<div class=\"e-con-inner\">\n\t\t<div class=\"elementor-element elementor-element-1404e355 e-con-full e-flex e-con e-child\" data-id=\"1404e355\" data-element_type=\"container\">\n\t\t\t\t<div class=\"elementor-element elementor-element-6c3e86c2 elementor-widget elementor-widget-text-editor\" data-id=\"6c3e86c2\" data-element_type=\"widget\" data-widget_type=\"text-editor.default\">\n\t\t\t\t\t\t\t\t\t<h2>\u00bfPor qu\u00e9 elegir un trasplante capilar en la Costa Blanca?<\/h2><p>La Costa Blanca ha sido un destino popular para el tratamiento m\u00e9dico durante muchos a\u00f1os.<br>La combinaci\u00f3n de <strong>clima soleado, bajo estr\u00e9s y atenci\u00f3n profesional<\/strong> garantiza una recuperaci\u00f3n \u00f3ptima despu\u00e9s del tratamiento.<\/p><p><strong>Beneficios clave:<\/strong><\/p><ul><li>\ud83c\uddea\ud83c\uddf8 <strong>Especialistas holandeses<\/strong> con experiencia internacional<\/li><li>\ud83c\udfd6\ufe0f <strong>Recuperaci\u00f3n en un entorno tranquilo y soleado<\/strong><\/li><li>\ud83d\udcb6 <strong>Nivel de precios m\u00e1s bajo que en los Pa\u00edses Bajos<\/strong><\/li><li>\ud83c\udfe5 <strong>Cl\u00ednicas modernas con equipos m\u00e9dicos de primera calidad<\/strong><\/li><li>\ud83d\udcac <strong>Orientaci\u00f3n en holand\u00e9s, ingl\u00e9s o espa\u00f1ol<\/strong><\/li><\/ul><p>Esta mezcla \u00fanica convierte a la Costa Blanca en una de las regiones m\u00e1s atractivas para los trasplantes capilares en Europa.<\/p><h3>Coste de un trasplante capilar en Espa\u00f1a<\/h3><p>El <strong>coste de un trasplante capilar en Espa\u00f1a<\/strong> es de media <strong>entre un 20% y un 30% m\u00e1s bajo<\/strong> que en los Pa\u00edses Bajos, sin comprometer la calidad.<\/p><table><thead><tr><td><p><strong>Tipo de tratamiento<\/strong><\/p><\/td><td><p><strong>Precio medio<\/strong><\/p><\/td><\/tr><\/thead><tbody><tr><td><p>Correcci\u00f3n de la l\u00ednea del cabello peque\u00f1a<\/p><\/td><td><p>2.000 \u20ac \u2013 3.000 \u20ac<\/p><\/td><\/tr><tr><td><p>Trasplante mediano (2.000-3.000 injertos)<\/p><\/td><td><p>3.000 \u20ac \u2013 4.500 \u20ac<\/p><\/td><\/tr><tr><td><p>Tratamiento integral (4,000+ injertos)<\/p><\/td><td><p>4.500 \u20ac \u2013 6.000 \u20ac<\/p><\/td><\/tr><\/tbody><\/table><p>En <strong>Hair Solutions Costa Blanca<\/strong> sabes exactamente lo que pagas. Todos los costos, incluida la consulta, el cuidado posterior y la medicaci\u00f3n, se discuten con anticipaci\u00f3n. <\/p><h4>\u00bfQu\u00e9 t\u00e9cnicas se utilizan?<\/h4><p>Nuestros especialistas trabajan exclusivamente con las \u00faltimas t\u00e9cnicas:<\/p><ol><li><strong>  T\u00e9cnica FUE (extracci\u00f3n de unidades foliculares)<\/strong><\/li><\/ol><ul><li>Los fol\u00edculos pilosos se extraen y se reimplantan uno por uno.<\/li><li>Da un <strong>resultado natural<\/strong> sin dejar cicatrices.<\/li><li>Recup\u00e9rese en cuesti\u00f3n de d\u00edas.<\/li><\/ul><ol start=\"2\"><li><strong>  T\u00e9cnica DHI (Implantaci\u00f3n Directa de Cabello)<\/strong><\/li><\/ol><ul><li>Los fol\u00edculos pilosos se colocan directamente con un bol\u00edgrafo de implantaci\u00f3n especial.<\/li><li><strong>M\u00e1s control<\/strong> sobre la densidad del cabello y la direcci\u00f3n del crecimiento.<\/li><li>Ideal para correcciones o compactaciones de la l\u00ednea del cabello.<\/li><\/ul><p>Determinamos qu\u00e9 t\u00e9cnica le conviene m\u00e1s durante una <strong>consulta personal<\/strong>.<\/p><h4>Restaura en comodidad y tranquilidad<\/h4><p>Despu\u00e9s de un trasplante capilar, <strong>la recuperaci\u00f3n es crucial<\/strong>. En la Costa Blanca puedes combinar esto con la relajaci\u00f3n en un entorno tranquilo y soleado.<br>El clima templado promueve el flujo sangu\u00edneo y la curaci\u00f3n del cuero cabelludo, lo que beneficia la recuperaci\u00f3n. <\/p><p>Adem\u00e1s, Hair Solutions ofrece servicios adicionales, como transporte, asesoramiento sobre alojamiento y orientaci\u00f3n en su propio idioma.<\/p><h3>\u00bfPor qu\u00e9 elegir Hair Solutions Spain?<\/h3><ul><li>\ud83c\uddf3\ud83c\uddf1 Expertos en trasplante capilar holandeses y espa\u00f1oles<\/li><li>\ud83e\uddec M\u00e1s de 20 a\u00f1os de experiencia en restauraci\u00f3n capilar<\/li><li>\ud83c\udfe5 Tratamientos seg\u00fan las directrices m\u00e9dicas europeas<\/li><li>\ud83d\udcac Orientaci\u00f3n de la A a la Z, en su propio idioma<\/li><li>\ud83c\udf1e Recuperaci\u00f3n relajada en la costa<\/li><\/ul><p>Tanto si vives en los Pa\u00edses Bajos como si ya vives en Espa\u00f1a, en Hair Solutions combinas <strong>calidad, cuidado y comodidad<\/strong> en un solo lugar.<\/p><h4>Conclusi\u00f3n: M\u00e1xima calidad en un ambiente relajado<\/h4><p>Un trasplante capilar en la <strong>Costa Blanca<\/strong> es una combinaci\u00f3n perfecta de <strong>profesionalidad m\u00e9dica y tranquilidad mediterr\u00e1nea<\/strong>.<br>Inviertes no solo en tu apariencia, sino tambi\u00e9n en tu bienestar.<\/p><h3>FAQ Trasplante Capilar Espa\u00f1a \u2013 Costa Blanca<\/h3><ol><li><strong>  \u00bfPor qu\u00e9 la gente elige un trasplante capilar en Espa\u00f1a?<\/strong><\/li><\/ol><p>Porque quieren combinar una atenci\u00f3n de alta calidad con relajaci\u00f3n y costos m\u00e1s bajos.<\/p><ol start=\"2\"><li><strong>  \u00bfQu\u00e9 hace que la Costa Blanca sea tan adecuada?<\/strong><\/li><\/ol><p>El clima templado, la tranquilidad y la presencia de cl\u00ednicas modernas con especialistas internacionales.<\/p><ol start=\"3\"><li><strong>  \u00bfLos m\u00e9dicos de Hair Solutions son espa\u00f1oles u holandeses?<\/strong><\/li><\/ol><p>Hair Solutions emplea <strong>a m\u00e9dicos holandeses y espa\u00f1oles<\/strong>, todos con a\u00f1os de experiencia en restauraci\u00f3n capilar.<\/p><ol start=\"4\"><li><strong>  \u00bfLa calidad en Espa\u00f1a es la misma que en los Pa\u00edses Bajos?<\/strong><\/li><\/ol><p>S\u00ed. Hair Solutions trabaja de acuerdo con <strong>los est\u00e1ndares m\u00e9dicos europeos<\/strong> y utiliza las mismas t\u00e9cnicas y equipos. <\/p><ol start=\"5\"><li><strong>  \u00bfCu\u00e1nto cuesta de media un trasplante capilar en Espa\u00f1a?<\/strong><\/li><\/ol><p>De media entre <strong>2.500 y 5.000 euros<\/strong>, dependiendo del n\u00famero de injertos y de la t\u00e9cnica utilizada.<\/p><ol start=\"6\"><li><strong>  \u00bfTambi\u00e9n se ofrece cuidado posterior en los Pa\u00edses Bajos?<\/strong><\/li><\/ol><p>S\u00ed. Los clientes pueden optar por <strong>el cuidado posterior en los Pa\u00edses Bajos o Espa\u00f1a<\/strong>, dependiendo de d\u00f3nde vivan. <\/p><ol start=\"7\"><li><strong>  \u00bfCu\u00e1nto tiempo tengo que permanecer en Espa\u00f1a despu\u00e9s del tratamiento?<\/strong><\/li><\/ol><p>Un promedio de <strong>3 a 5 d\u00edas<\/strong> es suficiente para el tratamiento y el primer chequeo.<\/p><ol start=\"8\"><li><strong>  \u00bfEs seguro viajar despu\u00e9s del tratamiento?<\/strong><\/li><\/ol><p>S\u00ed, siempre que siga las instrucciones del m\u00e9dico. Por lo general, se permite volar despu\u00e9s de 48 horas. <\/p><ol start=\"9\"><li><strong>  \u00bfPuedo combinar el tratamiento con unas vacaciones?<\/strong><\/li><\/ol><p>Seguro. Muchos clientes planean su trasplante capilar junto con unas cortas vacaciones en la costa. <\/p><ol start=\"10\"><li><strong>  \u00bfPor qu\u00e9 la gente elige Hair Solutions en la Costa Blanca?<\/strong><\/li><\/ol><p>Porque obtienen <strong>calidad holandesa, orientaci\u00f3n personal y un ambiente relajante<\/strong> , todo por un precio justo.<\/p>\t\t\t\t\t\t\t\t<\/div>\n\t\t\t\t<div class=\"elementor-element elementor-element-5da139e4 elementor-widget elementor-widget-button\" data-id=\"5da139e4\" data-element_type=\"widget\" data-widget_type=\"button.default\">\n\t\t\t\t\t\t\t\t\t\t<a class=\"elementor-button elementor-button-link elementor-size-sm\" href=\"https:\/\/hairsolutions.es\/consult-aanvragen\/\">\n\t\t\t\t\t\t<span class=\"elementor-button-content-wrapper\">\n\t\t\t\t\t\t\t\t\t<span class=\"elementor-button-text\">Solicite una consulta<\/span>\n\t\t\t\t\t<\/span>\n\t\t\t\t\t<\/a>\n\t\t\t\t\t\t\t\t<\/div>\n\t\t\t\t<\/div>\n\t\t\t\t\t<\/div>\n\t\t\t\t<\/div>\n\t\t\t\t<\/div>\n\t\t","protected":false},"excerpt":{"rendered":"<p>Trasplante capilar Espa\u00f1a \u2013 Costa Blanca: una nueva cabellera en un ambiente relajado Cada vez m\u00e1s personas eligen realizarse su trasplante capilar en Espa\u00f1a , y por una buena raz\u00f3n.La Costa Blanca, con su clima templado y sus modernas instalaciones m\u00e9dicas, ofrece el tel\u00f3n de fondo ideal para un tratamiento de alta calidad combinado con [&hellip;]<\/p>\n","protected":false},"author":1,"featured_media":0,"parent":0,"menu_order":0,"comment_status":"closed","ping_status":"closed","template":"","meta":{"footnotes":""},"class_list":["post-631","page","type-page","status-publish","hentry"],"yoast_head":"<!-- This site is optimized with the Yoast SEO plugin v26.6 - https:\/\/yoast.com\/wordpress\/plugins\/seo\/ -->\n<title>Trasplante capilar Espa\u00f1a \u2013 Costa Blanca: calidad, descanso y resultado<\/title>\n<meta name=\"description\" content=\"Combina un trasplante capilar de alta calidad con relajaci\u00f3n en la Costa Blanca. Descubre los beneficios de un tratamiento en Hair Solutions Spain.\" \/>\n<meta name=\"robots\" content=\"index, follow, max-snippet:-1, max-image-preview:large, max-video-preview:-1\" \/>\n<link rel=\"canonical\" href=\"https:\/\/hairsolutions.es\/es\/trasplante-capilar-espana-costa-blanca\/\" \/>\n<meta property=\"og:locale\" content=\"es_ES\" \/>\n<meta property=\"og:type\" content=\"article\" \/>\n<meta property=\"og:title\" content=\"Trasplante capilar Espa\u00f1a \u2013 Costa Blanca: calidad, descanso y resultado\" \/>\n<meta property=\"og:description\" content=\"Combina un trasplante capilar de alta calidad con relajaci\u00f3n en la Costa Blanca. Descubre los beneficios de un tratamiento en Hair Solutions Spain.\" \/>\n<meta property=\"og:url\" content=\"https:\/\/hairsolutions.es\/es\/trasplante-capilar-espana-costa-blanca\/\" \/>\n<meta property=\"og:site_name\" content=\"Hairsolutions\" \/>\n<meta property=\"article:modified_time\" content=\"2025-11-14T15:11:57+00:00\" \/>\n<meta property=\"og:image\" content=\"https:\/\/hairsolutions.es\/wp-content\/uploads\/2025\/10\/haartransplantatie-1024x724.webp\" \/>\n<meta name=\"twitter:card\" content=\"summary_large_image\" \/>\n<meta name=\"twitter:label1\" content=\"Tiempo de lectura\" \/>\n\t<meta name=\"twitter:data1\" content=\"5 minutos\" \/>\n<script type=\"application\/ld+json\" class=\"yoast-schema-graph\">{\"@context\":\"https:\/\/schema.org\",\"@graph\":[{\"@type\":\"WebPage\",\"@id\":\"https:\/\/hairsolutions.es\/es\/trasplante-capilar-espana-costa-blanca\/\",\"url\":\"https:\/\/hairsolutions.es\/es\/trasplante-capilar-espana-costa-blanca\/\",\"name\":\"Trasplante capilar Espa\u00f1a \u2013 Costa Blanca: calidad, descanso y resultado\",\"isPartOf\":{\"@id\":\"https:\/\/hairsolutions.es\/es\/#website\"},\"primaryImageOfPage\":{\"@id\":\"https:\/\/hairsolutions.es\/es\/trasplante-capilar-espana-costa-blanca\/#primaryimage\"},\"image\":{\"@id\":\"https:\/\/hairsolutions.es\/es\/trasplante-capilar-espana-costa-blanca\/#primaryimage\"},\"thumbnailUrl\":\"https:\/\/hairsolutions.es\/wp-content\/uploads\/2025\/10\/haartransplantatie-1024x724.webp\",\"datePublished\":\"2025-11-09T15:55:04+00:00\",\"dateModified\":\"2025-11-14T15:11:57+00:00\",\"description\":\"Combina un trasplante capilar de alta calidad con relajaci\u00f3n en la Costa Blanca. Descubre los beneficios de un tratamiento en Hair Solutions Spain.\",\"breadcrumb\":{\"@id\":\"https:\/\/hairsolutions.es\/es\/trasplante-capilar-espana-costa-blanca\/#breadcrumb\"},\"inLanguage\":\"es\",\"potentialAction\":[{\"@type\":\"ReadAction\",\"target\":[\"https:\/\/hairsolutions.es\/es\/trasplante-capilar-espana-costa-blanca\/\"]}]},{\"@type\":\"ImageObject\",\"inLanguage\":\"es\",\"@id\":\"https:\/\/hairsolutions.es\/es\/trasplante-capilar-espana-costa-blanca\/#primaryimage\",\"url\":\"https:\/\/hairsolutions.es\/wp-content\/uploads\/2025\/10\/haartransplantatie-1024x724.webp\",\"contentUrl\":\"https:\/\/hairsolutions.es\/wp-content\/uploads\/2025\/10\/haartransplantatie-1024x724.webp\"},{\"@type\":\"BreadcrumbList\",\"@id\":\"https:\/\/hairsolutions.es\/es\/trasplante-capilar-espana-costa-blanca\/#breadcrumb\",\"itemListElement\":[{\"@type\":\"ListItem\",\"position\":1,\"name\":\"Home\",\"item\":\"https:\/\/hairsolutions.es\/es\/\"},{\"@type\":\"ListItem\",\"position\":2,\"name\":\"Trasplante Capilar Espa\u00f1a \u2013 Costa Blanca\"}]},{\"@type\":\"WebSite\",\"@id\":\"https:\/\/hairsolutions.es\/es\/#website\",\"url\":\"https:\/\/hairsolutions.es\/es\/\",\"name\":\"Hairsolutions\",\"description\":\"\",\"potentialAction\":[{\"@type\":\"SearchAction\",\"target\":{\"@type\":\"EntryPoint\",\"urlTemplate\":\"https:\/\/hairsolutions.es\/es\/?s={search_term_string}\"},\"query-input\":{\"@type\":\"PropertyValueSpecification\",\"valueRequired\":true,\"valueName\":\"search_term_string\"}}],\"inLanguage\":\"es\"}]}<\/script>\n<!-- \/ Yoast SEO plugin. -->","yoast_head_json":{"title":"Trasplante capilar Espa\u00f1a \u2013 Costa Blanca: calidad, descanso y resultado","description":"Combina un trasplante capilar de alta calidad con relajaci\u00f3n en la Costa Blanca. Descubre los beneficios de un tratamiento en Hair Solutions Spain.","robots":{"index":"index","follow":"follow","max-snippet":"max-snippet:-1","max-image-preview":"max-image-preview:large","max-video-preview":"max-video-preview:-1"},"canonical":"https:\/\/hairsolutions.es\/es\/trasplante-capilar-espana-costa-blanca\/","og_locale":"es_ES","og_type":"article","og_title":"Trasplante capilar Espa\u00f1a \u2013 Costa Blanca: calidad, descanso y resultado","og_description":"Combina un trasplante capilar de alta calidad con relajaci\u00f3n en la Costa Blanca. Descubre los beneficios de un tratamiento en Hair Solutions Spain.","og_url":"https:\/\/hairsolutions.es\/es\/trasplante-capilar-espana-costa-blanca\/","og_site_name":"Hairsolutions","article_modified_time":"2025-11-14T15:11:57+00:00","og_image":[{"url":"https:\/\/hairsolutions.es\/wp-content\/uploads\/2025\/10\/haartransplantatie-1024x724.webp","type":"","width":"","height":""}],"twitter_card":"summary_large_image","twitter_misc":{"Tiempo de lectura":"5 minutos"},"schema":{"@context":"https:\/\/schema.org","@graph":[{"@type":"WebPage","@id":"https:\/\/hairsolutions.es\/es\/trasplante-capilar-espana-costa-blanca\/","url":"https:\/\/hairsolutions.es\/es\/trasplante-capilar-espana-costa-blanca\/","name":"Trasplante capilar Espa\u00f1a \u2013 Costa Blanca: calidad, descanso y resultado","isPartOf":{"@id":"https:\/\/hairsolutions.es\/es\/#website"},"primaryImageOfPage":{"@id":"https:\/\/hairsolutions.es\/es\/trasplante-capilar-espana-costa-blanca\/#primaryimage"},"image":{"@id":"https:\/\/hairsolutions.es\/es\/trasplante-capilar-espana-costa-blanca\/#primaryimage"},"thumbnailUrl":"https:\/\/hairsolutions.es\/wp-content\/uploads\/2025\/10\/haartransplantatie-1024x724.webp","datePublished":"2025-11-09T15:55:04+00:00","dateModified":"2025-11-14T15:11:57+00:00","description":"Combina un trasplante capilar de alta calidad con relajaci\u00f3n en la Costa Blanca. Descubre los beneficios de un tratamiento en Hair Solutions Spain.","breadcrumb":{"@id":"https:\/\/hairsolutions.es\/es\/trasplante-capilar-espana-costa-blanca\/#breadcrumb"},"inLanguage":"es","potentialAction":[{"@type":"ReadAction","target":["https:\/\/hairsolutions.es\/es\/trasplante-capilar-espana-costa-blanca\/"]}]},{"@type":"ImageObject","inLanguage":"es","@id":"https:\/\/hairsolutions.es\/es\/trasplante-capilar-espana-costa-blanca\/#primaryimage","url":"https:\/\/hairsolutions.es\/wp-content\/uploads\/2025\/10\/haartransplantatie-1024x724.webp","contentUrl":"https:\/\/hairsolutions.es\/wp-content\/uploads\/2025\/10\/haartransplantatie-1024x724.webp"},{"@type":"BreadcrumbList","@id":"https:\/\/hairsolutions.es\/es\/trasplante-capilar-espana-costa-blanca\/#breadcrumb","itemListElement":[{"@type":"ListItem","position":1,"name":"Home","item":"https:\/\/hairsolutions.es\/es\/"},{"@type":"ListItem","position":2,"name":"Trasplante Capilar Espa\u00f1a \u2013 Costa Blanca"}]},{"@type":"WebSite","@id":"https:\/\/hairsolutions.es\/es\/#website","url":"https:\/\/hairsolutions.es\/es\/","name":"Hairsolutions","description":"","potentialAction":[{"@type":"SearchAction","target":{"@type":"EntryPoint","urlTemplate":"https:\/\/hairsolutions.es\/es\/?s={search_term_string}"},"query-input":{"@type":"PropertyValueSpecification","valueRequired":true,"valueName":"search_term_string"}}],"inLanguage":"es"}]}},"_links":{"self":[{"href":"https:\/\/hairsolutions.es\/es\/wp-json\/wp\/v2\/pages\/631","targetHints":{"allow":["GET"]}}],"collection":[{"href":"https:\/\/hairsolutions.es\/es\/wp-json\/wp\/v2\/pages"}],"about":[{"href":"https:\/\/hairsolutions.es\/es\/wp-json\/wp\/v2\/types\/page"}],"author":[{"embeddable":true,"href":"https:\/\/hairsolutions.es\/es\/wp-json\/wp\/v2\/users\/1"}],"replies":[{"embeddable":true,"href":"https:\/\/hairsolutions.es\/es\/wp-json\/wp\/v2\/comments?post=631"}],"version-history":[{"count":4,"href":"https:\/\/hairsolutions.es\/es\/wp-json\/wp\/v2\/pages\/631\/revisions"}],"predecessor-version":[{"id":636,"href":"https:\/\/hairsolutions.es\/es\/wp-json\/wp\/v2\/pages\/631\/revisions\/636"}],"wp:attachment":[{"href":"https:\/\/hairsolutions.es\/es\/wp-json\/wp\/v2\/media?parent=631"}],"curies":[{"name":"wp","href":"https:\/\/api.w.org\/{rel}","templated":true}]}}